{"id":14,"date":"2021-10-29T16:31:47","date_gmt":"2021-10-29T16:31:47","guid":{"rendered":"http:\/\/danielgodin.ca\/classes\/"},"modified":"2021-12-19T02:50:29","modified_gmt":"2021-12-19T02:50:29","slug":"classes","status":"publish","type":"page","link":"https:\/\/danielgodin.ca\/en\/classes\/","title":{"rendered":"\u00c0 propos"},"content":{"rendered":"<p><br><\/p>\n\n\n\n<p>REGISTERED MASSAGE THERAPIST,  KINESITHERAPIST<\/p>\n\n\n\n<p>MEMBER WITH R\u00c9SEAU DES MASSOTH\u00c9RAPEUTES PROFESSIONNELS DU QU\u00c9BEC<\/p>\n\n\n\n<p><\/p>\n\n\n\n<p><\/p>\n\n\n\n<p>After graduating with honours from a 2 500 hour massage therapy program in Ottawa, I became a member of the College of Massage Therapists of Ontario, an association which upholds one of the highest standards for massage therapy in the world. As well, I am currently a member of the Professional Massage Therapists Association of Quebec, an organization that also recognizes the rigorous training I received in Ontario.\n\n\nI specialize in developing individualized massage programs and demonstrate appropriate remedial exercises for clients utilizing the following techniques:<\/p>\n\n\n\n<p><\/p>\n\n\n\n<ul class=\"wp-block-list\"><li>Kinesitherapy ++<\/li><li>Sports massage ++<\/li><li>Myofascial Release<\/li><li>Therapeutic Swedish Massage<\/li><li>Pregnancy Massage<\/li><li>Joint Mobilization<\/li><li>Facilitated Stretching<\/li><li>Trigger Point Therapy<\/li><\/ul>\n\n\n\n<p>THESE TREATMENT TECHNIQUES HAVE PROVEN INVALUABLE WHEN DEALING WITH VARIETY AILMENTS INCLUDING AND NOT LIMITED TO:<\/p>\n\n\n\n<p><\/p>\n\n\n\n<ul class=\"wp-block-list\"><li>Muscle Pain<\/li><li>Joint Pain<\/li><li>Stress<\/li><li>Sprains and Strains<\/li><li>Whiplash<\/li><li>Tendinitis \/ Bursitis<\/li><li>Torticollis<\/li><li>Headaches<\/li><li>Scoliosis<\/li><li>Thoracic outlet syndrome<\/li><li>Carpal tunnel Syndrome<\/li><li>Piriformis Syndrome<\/li><li>Sciatica<\/li><\/ul>\n\n\n\n<p>It is important to me that clients gain a greater awareness of their bodies and musculoskeletal conditions. In the continuous search for balance whether it be in the mind, body or soul, everyday day life can get the better of us. So it is imperative that we include practices in our daily life that nurture all three.\n\nI am very excited to now offer my services in Ahuntsic, where I can share my passion of health and well-being with my clients. My values of offering the highest standards in massage therapy and client care dictate my practice.<\/p>\n\n\n\n<p><\/p>","protected":false},"excerpt":{"rendered":"<p>MASSOTH\u00c9RAPEUTE AGR\u00c9\u00c9,&nbsp;KIN\u00c9SITH\u00c9RAPEUTE MEMBRE DU R\u00c9SEAU DES MASSOTH\u00c9RAPEUTES PROFESSIONNELS DU QU\u00c9BEC Apr\u00e8s avoir \u00e9t\u00e9 dipl\u00f4m\u00e9 avec mention d\u2019un programme de 2 500 heures en Massoth\u00e9rapie \u00e0 Ottawa, je suis devenu membre de l\u2019Ordre des massoth\u00e9rapeutes de l\u2019Ontario, une association qui maintient des normes parmi les plus \u00e9lev\u00e9es en massoth\u00e9rapie dans le monde. De plus, je suis [&hellip;]<\/p>\n","protected":false},"author":1,"featured_media":0,"parent":0,"menu_order":0,"comment_status":"closed","ping_status":"closed","template":"","meta":{"_coblocks_attr":"","_coblocks_dimensions":"","_coblocks_responsive_height":"","_coblocks_accordion_ie_support":"","hide_page_title":"","footnotes":""},"class_list":["post-14","page","type-page","status-publish","hentry"],"aioseo_notices":[],"_links":{"self":[{"href":"https:\/\/danielgodin.ca\/en\/wp-json\/wp\/v2\/pages\/14","targetHints":{"allow":["GET"]}}],"collection":[{"href":"https:\/\/danielgodin.ca\/en\/wp-json\/wp\/v2\/pages"}],"about":[{"href":"https:\/\/danielgodin.ca\/en\/wp-json\/wp\/v2\/types\/page"}],"author":[{"embeddable":true,"href":"https:\/\/danielgodin.ca\/en\/wp-json\/wp\/v2\/users\/1"}],"replies":[{"embeddable":true,"href":"https:\/\/danielgodin.ca\/en\/wp-json\/wp\/v2\/comments?post=14"}],"version-history":[{"count":9,"href":"https:\/\/danielgodin.ca\/en\/wp-json\/wp\/v2\/pages\/14\/revisions"}],"predecessor-version":[{"id":157,"href":"https:\/\/danielgodin.ca\/en\/wp-json\/wp\/v2\/pages\/14\/revisions\/157"}],"wp:attachment":[{"href":"https:\/\/danielgodin.ca\/en\/wp-json\/wp\/v2\/media?parent=14"}],"curies":[{"name":"wp","href":"https:\/\/api.w.org\/{rel}","templated":true}]}}